{"id":6006,"date":"2017-02-07T16:41:38","date_gmt":"2017-02-07T16:41:38","guid":{"rendered":"https:\/\/simancas-aa.com\/?page_id=6006"},"modified":"2020-02-26T08:40:04","modified_gmt":"2020-02-26T08:40:04","slug":"asesoria-a-empresas","status":"publish","type":"page","link":"https:\/\/simancas-aa.com\/?page_id=6006","title":{"rendered":"Asesor\u00eda de empresas"},"content":{"rendered":"<p class=\"tm5 Normal tm6\"><span class=\"tm7\">En Simancas Abogados ofrecemos un servicio de asesor\u00eda de empresas en fiscal, laboral, mercantil y contable. Evaluamos todos los aspectos que engloban la relaci\u00f3n entre la empresa y los trabajadores, y nos adaptamos a las necesidades, proponiendo distintos sistemas viables para las empresas:<\/span><\/p>\n<ul>\n<li class=\"tm5 Normal tm6\"><span class=\"tm7\">\u00a0<\/span><span class=\"tm7\">Externalizaci\u00f3n de la gesti\u00f3n laboral: se realiza un estudio previo de los trabajadores de la empresa y los servicios contratados, acordando un pago mensual por las tareas contratadas.<\/span><\/li>\n<li class=\"tm5 Normal tm6\">Externalizaci\u00f3n de la gesti\u00f3n fiscal: se realiza un estudio previo de las obligaciones fiscales de la empresa y los servicios contratados, acordando un pago mensual por las tareas contratadas.<\/li>\n<li class=\"tm5 Normal tm8\"><span class=\"tm7\">Externalizaci\u00f3n de la gesti\u00f3n contable: se realiza un estudio previo del volumen de operaciones de la empresa y los servicios contratados, acordando un pago mensual por las tareas contratadas.<\/span><\/li>\n<li class=\"tm5 Normal tm8\"><span class=\"tm7\">Como asesores externos: en el caso de que la empresa disponga de personal encargado de la confecci\u00f3n de n\u00f3minas y\/o contabilidad. En dicho caso, la empresa dispondr\u00e1 de un servicio de asesoramiento para cualquier duda o problema que pueda surgir en dicha \u00e1rea.<\/span><\/li>\n<\/ul>\n<h3 class=\"tm5 Normal tm6\"><span style=\"color: #800000;\"><strong><span class=\"tm7\">ASESOR\u00cdA LABORAL<\/span><\/strong><\/span><\/h3>\n<ul>\n<li class=\"tm5 Normal tm6\"><span class=\"tm9\">N\u00f3minas mensuales, atrasos y env\u00edo de n\u00f3minas.<\/span><\/li>\n<li class=\"tm5 Normal tm6\"><span class=\"tm9\">Informes de costes y salarios, preparaci\u00f3n de transferencias bancarias.<\/span><\/li>\n<li class=\"tm5 Normal tm6\"><span class=\"tm9\">Elaboraci\u00f3n de contratos de trabajo y presentaci\u00f3n al Instituto Nacional de Empleo (INEM). <\/span><\/li>\n<li class=\"tm5 Normal tm6\"><span class=\"tm9\">Vencimientos de contratos y comunicaci\u00f3n del cese del trabajador.<\/span><\/li>\n<li class=\"tm5 Normal tm6\"><span class=\"tm9\">Elaboraci\u00f3n de finiquitos y certificados de desempleo.<\/span><\/li>\n<li class=\"tm5 Normal tm6\"><span class=\"tm9\">Asesoramiento y elaboraci\u00f3n de documentos de despidos, sanciones, modificaciones sustanciales.<\/span><\/li>\n<li class=\"tm5 Normal tm6\">Gesti\u00f3n de Expedientes de Regulaci\u00f3n de Empleo (ERE).<\/li>\n<li class=\"tm5 Normal tm6\"><span class=\"tm9\">Tramitaci\u00f3n de altas, bajas y variaciones de datos en la Seguridad Social.<\/span><\/li>\n<li class=\"tm11 Normal tm12\"><span class=\"tm9\">Gesti\u00f3n laboral de seguros sociales (transmisi\u00f3n sistema RED\/SILTRA con posibilidad de domiciliaci\u00f3n).<\/span><\/li>\n<li class=\"tm11 Normal tm12\"><span class=\"tm9\">Transmisi\u00f3n de partes de baja incapacidad temporal y declaraciones de accidente en Delta.<\/span><\/li>\n<li class=\"tm5 Normal tm13\"><span class=\"tm9\">Confecci\u00f3n y comunicaci\u00f3n modelo 111 (IRPF), 190 (resumen anual) y certificados de renta.\u00a0<\/span><\/li>\n<\/ul>\n<h3 class=\"tm5 Normal tm8\"><span style=\"color: #800000;\"><strong><span class=\"tm7\">ASESOR\u00cdA CONTABLE Y FISCAL<\/span><\/strong><\/span><\/h3>\n<ul>\n<li class=\"tm5 Normal tm8\"><span class=\"tm9\">Gesti\u00f3n contable de empresas.<\/span><\/li>\n<li class=\"tm5 Normal tm8\"><span class=\"tm9\">Mecanizaci\u00f3n de la informaci\u00f3n contable.<\/span><\/li>\n<li class=\"tm5 Normal tm8\"><span class=\"tm9\">Elaboraci\u00f3n y legalizaci\u00f3n de libros oficiales de contabilidad y dep\u00f3sito de cuentas anuales en el Registro Mercantil.<\/span><\/li>\n<li class=\"tm5 Normal tm8\"><span class=\"tm9\">Puesta al d\u00eda de contabilidades atrasadas.<\/span><\/li>\n<li class=\"tm5 Normal tm8\"><span class=\"tm9\">Altas y bajas censales de empresas.<\/span><\/li>\n<li class=\"tm5 Normal tm8\"><span class=\"tm9\">Asesoramiento en operaciones de adquisici\u00f3n y enajenaci\u00f3n de empresas.<\/span><\/li>\n<li class=\"tm5 Normal tm8\"><span class=\"tm9\">Asesoramiento fiscal de empresas.<\/span><\/li>\n<li class=\"tm5 Normal tm8\"><span class=\"tm9\">Planificaci\u00f3n de Impuestos.<\/span><\/li>\n<li class=\"tm5 Normal tm8\"><span class=\"tm9\">Auditor\u00eda Fiscal (Tax Audit):<\/span><\/li>\n<\/ul>\n<p style=\"text-align: justify; padding-left: 30px;\">Actualmente, la normativa fiscal es compleja, amplia y cambiante. Esto exige una especializaci\u00f3n o asistencia experta. Adem\u00e1s, la interpretaci\u00f3n de las normas es abierta y casu\u00edstica (jurisprudencia, doctrina administrativa y acad\u00e9mica). En consecuencia, es dif\u00edcil identificar, valorar y calificar las posibles contingencias fiscales.<br \/>\nEl objetivo de la <strong>auditor\u00eda fiscal<\/strong> es:<br \/>\n&#8211; EVALUAR Y CUANTIFICAR LOS RIESGOS FISCALES QUE LA COMPA\u00d1\u00cdA DESCONOCE O EST\u00c1 ASUMIENDO.<br \/>\n&#8211; MEJORAR U OPTIMIZAR SUS \u201cCOSTES FISCALES\u201d: Aprovechamiento incentivos fiscales, reestructuraciones, oportunidades de minoraci\u00f3n de la carga tributaria, etc.<\/p>\n<ul>\n<li style=\"text-align: justify;\">An\u00e1lisis econ\u00f3mico-financiero:<\/li>\n<\/ul>\n<p style=\"padding-left: 30px;\">An\u00e1lisis anal\u00edtico de la situaci\u00f3n econ\u00f3mico-financiera de la empresa para:<\/p>\n<ol>\n<li style=\"padding-left: 30px;\">Evaluar la situaci\u00f3n en la que se encuentra la empresa y controlar variables econ\u00f3micas de importancia.<\/li>\n<li style=\"padding-left: 30px;\">Ayuda para la toma de decisiones de la empresa.<\/li>\n<\/ol>\n","protected":false},"excerpt":{"rendered":"<p>En Simancas Abogados ofrecemos un servicio de asesor\u00eda de empresas en fiscal, laboral, mercantil y contable. Evaluamos todos los aspectos que engloban la relaci\u00f3n entre la empresa y los trabajadores, y nos adaptamos a las necesidades, proponiendo distintos sistemas viables para las empresas: \u00a0Externalizaci\u00f3n de la gesti\u00f3n laboral: se realiza un estudio previo de los&#8230;<\/p>\n","protected":false},"author":3,"featured_media":0,"parent":0,"menu_order":0,"comment_status":"closed","ping_status":"closed","template":"","meta":[],"_links":{"self":[{"href":"https:\/\/simancas-aa.com\/index.php?rest_route=\/wp\/v2\/pages\/6006"}],"collection":[{"href":"https:\/\/simancas-aa.com\/index.php?rest_route=\/wp\/v2\/pages"}],"about":[{"href":"https:\/\/simancas-aa.com\/index.php?rest_route=\/wp\/v2\/types\/page"}],"author":[{"embeddable":true,"href":"https:\/\/simancas-aa.com\/index.php?rest_route=\/wp\/v2\/users\/3"}],"replies":[{"embeddable":true,"href":"https:\/\/simancas-aa.com\/index.php?rest_route=%2Fwp%2Fv2%2Fcomments&post=6006"}],"version-history":[{"count":6,"href":"https:\/\/simancas-aa.com\/index.php?rest_route=\/wp\/v2\/pages\/6006\/revisions"}],"predecessor-version":[{"id":6663,"href":"https:\/\/simancas-aa.com\/index.php?rest_route=\/wp\/v2\/pages\/6006\/revisions\/6663"}],"wp:attachment":[{"href":"https:\/\/simancas-aa.com\/index.php?rest_route=%2Fwp%2Fv2%2Fmedia&parent=6006"}],"curies":[{"name":"wp","href":"https:\/\/api.w.org\/{rel}","templated":true}]}}