{"id":6169,"date":"2017-07-25T12:13:55","date_gmt":"2017-07-25T12:13:55","guid":{"rendered":"https:\/\/simancas-aa.com\/?page_id=6169"},"modified":"2018-06-18T10:04:37","modified_gmt":"2018-06-18T10:04:37","slug":"politicadeprivacidad","status":"publish","type":"page","link":"https:\/\/simancas-aa.com\/?page_id=6169","title":{"rendered":"Pol\u00edtica de Privacidad"},"content":{"rendered":"<p class=\"western\" align=\"justify\"><b>Usuarios.<\/b><\/p>\n<p class=\"western\" align=\"justify\">El acceso y\/o uso de este portal de SIMANCAS ABOGADOS atribuye la condici\u00f3n de USUARIO, que acepta, desde dicho acceso y\/o uso, las Condiciones de Uso que aqu\u00ed se reflejan. Las citadas condiciones ser\u00e1n de aplicaci\u00f3n independientemente de las Condiciones Generales de Contrataci\u00f3n que en su momento resultan de obligado cumplimiento.<\/p>\n<p class=\"western\" align=\"justify\">El uso de nuestro portal implica la aceptaci\u00f3n y adhesi\u00f3n a todas nuestras condiciones de uso y a nuestra pol\u00edtica de privacidad.<\/p>\n<p class=\"western\" align=\"justify\">SIMANCAS ABOGADOS se reserva el derecho a modificar las presentes Condiciones Generales de Uso con el objeto de adecuarlas a la legislaci\u00f3n vigente aplicable en cada momento, la doctrina jurisprudencial y las pr\u00e1cticas habituales de mercado.<\/p>\n<p class=\"western\" align=\"justify\">El usuario garantiza la autenticidad de todos aquellos datos que comunique a trav\u00e9s de <span style=\"color: #0000ff;\"><u><a href=\"https:\/\/simancas-aa.com\/\">www.simancas-aa.com<\/a><\/u><\/span> y mantendr\u00e1 actualizada la informaci\u00f3n que facilite a SIMANCAS ABOGADOS de forma que responda de las manifestaciones falsas o inexactas que realice, as\u00ed como de los perjuicios que cause por ello a SIMANCAS ABOGADOS o a terceros.<\/p>\n<p class=\"western\" align=\"justify\">El usuario reconoce que todos los elementos del Portal y de cada uno de los Servicios prestados a trav\u00e9s del mismo, la informaci\u00f3n y materiales contenidos en el mismo, la estructura, selecci\u00f3n, ordenaci\u00f3n y presentaci\u00f3n de sus contenidos y los programas de ordenador utilizados en relaci\u00f3n con el mismo est\u00e1n protegidos por derechos de propiedad intelectual e industrial de SIMANCAS ABOGADOS<\/p>\n<p class=\"western\" align=\"justify\">Salvo autorizaci\u00f3n expresa de SIMANCAS ABOGADOS o terceros titulares de los derechos correspondientes queda terminantemente prohibido la utilizaci\u00f3n de textos, im\u00e1genes, anuncios y cualesquiera otros elementos incluidos en el presente sitio Web para su posterior inclusi\u00f3n, total o parcial, en otros sitios Web ajenos al Portal sin contar con la autorizaci\u00f3n previa y por escrito del Portal.<\/p>\n<p class=\"western\" align=\"justify\">2.1.1. En la plataforma web que datos personales de los usuarios recogemos.<\/p>\n<ol type=\"a\">\n<li>\n<p class=\"western\" align=\"justify\"><u>A trav\u00e9s de la p\u00e1gina web<\/u> el usuario encontrar\u00e1 la opci\u00f3n de escribir al titular de esta p\u00e1gina para aclarar todas las dudas que tenga en relaci\u00f3n con el funcionamiento de los servicios, plataforma o cualquier otra. En este formulario deber\u00e1 indicar su nombre, apellidos y correo electr\u00f3nico para que podamos contactar con usted, as\u00ed como los datos que podamos requerirle y otros que considere en el mensaje que nos haga llegar.<\/p>\n<\/li>\n<li>\n<p class=\"western\" align=\"justify\"><u>Cuando el usuario es destinatario de un correo previo enviado. <\/u>La recogida de sus datos se produce cuando el emisor indica su nombre y correo electr\u00f3nico de contacto como destinatario de la informaci\u00f3n o documento que env\u00eda. Antes de poder enviar su respuesta, el usuario receptor ver\u00e1 que se le advierte de la pol\u00edtica de privacidad que le ser\u00e1 aplicable por dicho tratamiento de datos y de las condiciones de uso a tener en cuenta.<\/p>\n<\/li>\n<li>\n<p class=\"western\" align=\"justify\"><u>A trav\u00e9s de nuestro e-mail corporativo. <\/u>A trav\u00e9s del mismo, podr\u00e1 escribir o requerir la informaci\u00f3n que considere necesaria para aclarar las dudas relacionadas con nuestros servicios o sobre el funcionamiento de nuestra web.<\/p>\n<\/li>\n<li>\n<p class=\"western\" align=\"justify\"><u>Mediante recogida de datos por parte de un tercero Prestador Principal de Servicios.<\/u> Es posible que una empresa que le preste servicios tenga subcontratados los servicios que ofrece SIMANCAS ABOGADOS Consultores y Asesores S.L.P. para la ejecuci\u00f3n de alguno de ellos. En este caso, SIMANCAS ABOGADOS, Consultores y Asesores S.L.P. recabar\u00e1 sus datos, en cuanto encargado del tratamiento, a los efectos de prestar el servicio contratado por la referida empresa, no utiliz\u00e1ndolos para otra finalidad que quebrante las obligaciones de dicha prestaci\u00f3n; pero pudiendo utilizarlas para los fines previstos 2.1.3 de esta misma pol\u00edtica.<\/p>\n<\/li>\n<\/ol>\n<p class=\"western\" align=\"justify\">2.1.2.- Objetivo y finalidad en la recogida de datos.<\/p>\n<p class=\"western\" align=\"justify\">La finalidad de la recogida de datos es la de mantener un contacto directo y personalizado con nuestros usuarios \/ clientes. De este modo, usaremos sus datos para atender a las dudas o la informaci\u00f3n que nos haya requerido, gestionar sus solicitudes e informarle de actividades que creemos pueden ser de su inter\u00e9s.<\/p>\n<p class=\"western\" align=\"justify\">2.1.3.- Uso de los datos personales.<\/p>\n<p class=\"western\" align=\"justify\">SIMANCAS ABOGADOS, Consultores y Asesores S.L.P. comunica a sus usuarios que los datos personales que nos faciliten ser\u00e1n tratados por parte de SIMANCAS ABOGADOS, Consultores y Asesores S.L.P. de conformidad con lo dispuesto en el Reglamento (UE) n \u00ba 2016\/679, del Parlamento Europeo y del consejo, de 27 de abril de 2016.<\/p>\n<p>La finalidad del tratamiento de datos obtenidos en el apartado 2.1.1, son los siguientes:<\/p>\n<br \/>\n<ul>\n<li class=\"western\">Atender y resolver las solicitudes o dudas requeridas de los usuarios.<\/li>\n<li class=\"western\">Informar de novedades o actividades que se lleven a efecto por SIMANCAS ABOGADOS, Consultores y Asesores S.L.P.<\/li>\n<li class=\"western\">Enviar informaci\u00f3n que se considere que pueda ser de inter\u00e9s del usuario.<\/li>\n<li class=\"western\">Gestionar la relaci\u00f3n comercial.<\/li>\n<li class=\"western\">Poder efectuar la facturaci\u00f3n y cobro de los productos contratados, as\u00ed como la gesti\u00f3n habitual de clientes y proveedores.<\/li>\n<li class=\"western\">Para ofrecer y sugerir contenidos personalizados como noticias, investigaciones e informes.<\/li>\n<li class=\"western\">Cumplir con nuestros requisitos de auditor\u00eda interna y externa, incluidas nuestras obligaciones de seguridad en la informaci\u00f3n.<\/li>\n<\/ul>\n<p class=\"western\" align=\"justify\"><b>Protecci\u00f3n de Datos.<\/b><\/p>\n<p class=\"western\" align=\"justify\">SIMANCAS ABOGADOS cumple con las medidas de seguridad exigidas por el REGLAMENTO (UE) N \u00ba 679\/2016, de 27 de abril, relativo a la protecci\u00f3n de las personas f\u00edsicas en lo que respecta al tratamiento de datos personales (en adelante, RGPD) y la normativa vigente en cada momento para garantizar un correcto uso y tratamiento de los datos personales del usuario (art\u00edculo 32 RGPD).<\/p>\n<p class=\"western\" align=\"justify\">El titular legal de la p\u00e1gina Web y por tanto de los ficheros en los que se incluir\u00e1n los datos de car\u00e1cter personal recogidos y tratados desde esta p\u00e1gina Web es SIMANCAS ABOGADOS, Consultores y Asesores S.L.P.., CIF: B-50945799, inscrita en el Registro Mercantil de Zaragoza, en el tomo 3600, folio 215, Hoja Z-45911, inscripci\u00f3n 1\u00aa. Correo electr\u00f3nico de contacto: <span style=\"color: #0000ff;\"><u><a href=\"mailto:info@simancas-aa.com\">info@simancas-aa.com<\/a><\/u><\/span><\/p>\n<p class=\"western\" align=\"justify\">La utilizaci\u00f3n de este sitio Web implica la expresa aceptaci\u00f3n de forma simult\u00e1nea del \u00edntegro contenido de las Condiciones Generales de Uso y todas las Condiciones Particulares relacionadas y la de la presente <b>Pol\u00edtica de Privacidad<\/b>, consintiendo el usuario la utilizaci\u00f3n de los datos personales que facilite \u00fanicamente en las condiciones y la forma que se describe.<\/p>\n<p class=\"western\" align=\"justify\">La presente pol\u00edtica de privacidad puede ser modificada por SIMANCAS ABOGADOS para mejorar la seguridad, o adaptarla a las modificaciones legislativas, cualquier modificaci\u00f3n ser\u00e1 notificada previamente al usuario, otorg\u00e1ndose la opci\u00f3n de solicitar la baja si no se est\u00e1 conforme con dicha modificaci\u00f3n.<\/p>\n<p class=\"western\" align=\"justify\">En cumplimiento de lo establecido en el REGLAMENTO (UE) N \u00ba 2016\/679, DEL PARLAMENTO EUROPEO Y DEL CONSEJO, de 27 de abril de 2018 (RGPD) , le informamos de modo expreso, preciso e inequ\u00edvoco que los datos facilitados por usted a trav\u00e9s de los formularios dispuestos al efecto en nuestra p\u00e1gina Web o en cualquier otro canal de recogida de los mismos, as\u00ed como los que se generen durante su relaci\u00f3n con nuestra entidad, ser\u00e1n objeto de tratamiento en los ficheros responsabilidad de SIMANCAS ABOGADOS debidamente notificados con la finalidad de mantenimiento y cumplimiento de la relaci\u00f3n del destinatario del servicio con nuestra entidad y prestaci\u00f3n de servicios derivada de la misma.<\/p>\n<p class=\"western\" align=\"justify\">Siempre y cuando no nos sindique lo contrario, conservaremos sus datos durante el tiempo que sean necesarios para cumplir con los fines descritos anteriormente. En caso de que nos haya facilitado datos de un tercero, manifiesta haber contado con el consentimiento del mismo y se compromete a trasladarle la informaci\u00f3n de \u00e9sta cl\u00e1usula.<\/p>\n<p class=\"western\" align=\"justify\">As\u00ed mismo, en cumplimiento de lo establecido en el RGPD y en la Ley 34\/2002, de 11 de julio, de Servicios de la Sociedad de la Informaci\u00f3n y de Comercio Electr\u00f3nico (en adelante, LSSI-CE), le informamos que sus datos podr\u00e1n ser utilizados para la finalidad de enviarle comunicaciones comerciales y de cortes\u00eda relacionadas con nuestra entidad a trav\u00e9s del tel\u00e9fono, correo postal ordinario, fax, correo electr\u00f3nico o medios de comunicaci\u00f3n electr\u00f3nica equivalentes.<\/p>\n<p class=\"western\" align=\"justify\">Le informamos que sus datos ser\u00e1n cedidos en todos aquellos casos que sea necesario para el desarrollo, cumplimiento y control de la relaci\u00f3n del destinatario del servicio con nuestra entidad o en los supuestos en que lo autorice una norma con rango de Ley, y, en particular, cuando concurra uno de los siguientes supuestos:<\/p>\n<p class=\"western\" align=\"justify\">&#8211; El tratamiento o la cesi\u00f3n que tengan por objeto la satisfacci\u00f3n de un inter\u00e9s leg\u00edtimo del responsable del tratamiento o del cesionario amparado por dicha norma.<\/p>\n<p class=\"western\" align=\"justify\">&#8211; El tratamiento o la cesi\u00f3n de los datos sean necesarios para que el responsable del tratamiento cumpla un deber que le imponga dicha norma.<\/p>\n<p class=\"western\" align=\"justify\">&#8211; La cesi\u00f3n y comunicaci\u00f3n de sus datos cuando nos sea exigible legalmente, previ\u00e9ndose \u00fanicamente la cesi\u00f3n o revelaci\u00f3n de dichos datos conforme al REGLAMENTO (UE) N\u00ba 2016\/679 DEL PARLAMENTO UEROPEO Y DEL CONSEJO, de 27 de abril de 2016; es decir, cuando sea requerido por \u00f3rganos y organismos como Administraciones P\u00fablicas, Juzgados y Tribunales, Fiscales o Defensor del Pueblo previa petici\u00f3n expresa de los mismos.<\/p>\n<p class=\"western\" align=\"justify\">El consentimiento inequ\u00edvoco y expreso para el tratamiento de sus datos con las finalidades descritas anteriormente se entender\u00e1 prestado a trav\u00e9s de la marcaci\u00f3n de la casilla correspondiente dispuesta al efecto en nuestra p\u00e1gina Web.<\/p>\n<p class=\"western\" align=\"justify\">Dando cumplimiento a lo dispuesto en el REGLAMENTO (UE) n \u00ba 2016\/679, del Parlamento Europeo y del Consejo, de 27 de abril, le comunicamos que cada vez que nos env\u00ede datos personales a trav\u00e9s de formulario nos dar\u00e1 su consentimiento expreso e inequ\u00edvoco en los propios formularios donde se recogen sus datos.<\/p>\n<p class=\"western\" align=\"justify\">Cuando nos escriba a nuestro correo electr\u00f3nico de contacto, estar\u00e1 aceptando expresamente que podamos recabar sus datos para la finalidad o petici\u00f3n que nos haya realizado.<\/p>\n<p class=\"western\" align=\"justify\">Con dichas acciones nos est\u00e1 manifestando de forma libre e inequ\u00edvoca que est\u00e1 de acuerdo con que SIMANCAS ABOGADOS, Consultores y Asesores, S.L.P. trate sus datos de conformidad con los fines establecidos en el punto 2.1.3 de este documento.<\/p>\n<p class=\"western\" align=\"justify\">El usuario garantiza que los datos personales facilitados a SIMANCAS ABOGADOS son veraces y se hace responsable de comunicar a aqu\u00e9l cualquier modificaci\u00f3n de los mismos si existiere alg\u00fan error en la indicaci\u00f3n de los mismos o por cualquier motivo atribuible al usuario emisor.<\/p>\n<p class=\"western\" align=\"justify\">La cumplimentaci\u00f3n de todos y cada uno de los campos que aparecen en los formularios dispuestos al efecto en nuestra p\u00e1gina Web tienen car\u00e1cter obligatorio. La negativa a facilitar sus datos llevar\u00e1 aparejada la imposibilidad del mantenimiento y cumplimiento de la relaci\u00f3n del destinatario del servicio con nuestra entidad, ya que los mismos son necesarios para la prestaci\u00f3n de servicios derivada de la norma.<\/p>\n<p class=\"western\" align=\"justify\">El destinatario del servicio ser\u00e1 el \u00fanico <u>responsable de la veracidad de los datos<\/u> aportados, actuando SIMANCAS ABOGADOS de buena fe como mero prestador del servicio. En el supuesto de que el destinatario del servicio facilite los datos falsos o de terceras personas sin mediar su consentimiento para ello, responder\u00e1 personalmente frente a SIMANCAS ABOGADOS, los afectados o interesados, Agencia Estatal de Protecci\u00f3n de Datos y, en su caso, autoridades auton\u00f3micas de protecci\u00f3n de datos, de las responsabilidades derivadas de dicha circunstancia.<\/p>\n<p class=\"western\" align=\"justify\">SIMANCAS ABOGADOS no recoge datos de personas menores de catorce a\u00f1os a trav\u00e9s de su p\u00e1gina Web. En el supuesto de que una persona menor de catorce a\u00f1os facilite sus datos a trav\u00e9s de los formularios dispuestos al efecto en nuestra p\u00e1gina Web o en cualquier otro canal de recogida de los mismos, se proceder\u00e1 a su destrucci\u00f3n inmediata en el mismo momento en que se tenga conocimiento de tal circunstancia. No obstante, al amparo del RGPD los menores pueden dar su consentimiento a la contrataci\u00f3n de servicios de la sociedad de la informaci\u00f3n, como puede ser la inscripci\u00f3n a un foro, cumplimentaci\u00f3n de un formulario, etc. Para el tratamiento de datos de menores de 14 a\u00f1os dicha recogida de datos se realizar\u00e1 siempre bajo el expreso consentimiento de los padres o tutores legales. En el caso de no suministrar los datos estimados como necesarios, SIMANCAS ABOGADOS, Consultores y Asesores S.L.P. podr\u00e1 no cursar la petici\u00f3n.<\/p>\n<p class=\"western\" align=\"justify\">Con la finalidad de dar cumplimiento a lo establecido en el REGLAMENTO (UE) N \u00ba 2016\/679, DEL PARLAMENTO EUROPEO Y DEL CONSEJO, de 27 de abril de 2016, el destinatario del servicio se compromete a comunicar a SIMANCAS ABOGADOS Consultores y Asesores S.L.P. los cambios que se produzcan en sus datos, de forma que respondan con veracidad a su situaci\u00f3n actual en todo momento.<\/p>\n<p class=\"western\" align=\"justify\">Nuestra p\u00e1gina Web puede utilizar herramientas de seguimiento de la navegaci\u00f3n a trav\u00e9s de la misma y direcci\u00f3n IP del destinatario del servicio, con la finalidad de mejorar y garantizar la prestaci\u00f3n de servicios y el funcionamiento t\u00e9cnico de la misma.<\/p>\n<p class=\"western\" align=\"justify\">SIMANCAS ABOGADOS se compromete al cumplimiento de su <u>obligaci\u00f3n de secreto <\/u>respecto de los datos de car\u00e1cter personal y de su deber de guardarlos y adoptar\u00e1 todas las medidas de \u00edndole t\u00e9cnica y organizativa necesarias que garanticen la seguridad de los datos de car\u00e1cter personal y eviten su alteraci\u00f3n, p\u00e9rdida, tratamiento o acceso no autorizado, habida cuenta del estado de la tecnolog\u00eda, la naturaleza de los datos almacenados y los riesgos a que est\u00e9n expuestos, ya provengan de la acci\u00f3n humana o del medio f\u00edsico o natural, desarrollado en el RGPD.<\/p>\n<p class=\"western\" align=\"justify\">En cumplimiento de lo establecido en el REGLAMENTO (UE) N \u00ba 2016\/679, DEL PARLAMENTO EUROPEO Y DEL CONSEJO, de 27 de abril de 2016 el destinatario del servicio puede ejercitar, en cualquier momento, de forma gratuita, sus derechos de acceso, rectificaci\u00f3n, oposici\u00f3n, supresi\u00f3n o limitaci\u00f3n de sus datos o pedir la portabilidad de los mismos escribi\u00e9ndonos a las direcciones indicadas anteriormente para el responsable del fichero o del tratamiento, adjuntando fotocopia de su<i> <\/i>Documento Nacional de Identidad (o NIF), poni\u00e9ndose en contacto a trav\u00e9s del correo electr\u00f3nico: <span style=\"color: #0000ff;\"><u><a href=\"mailto:info@simancas-aa.com\">info@simancas-aa.com<\/a><\/u><\/span><u>.<\/u><\/p>\n<p class=\"western\" align=\"justify\">Asimismo, podr\u00e1 reclamar ante la Agencia Espa\u00f1ola de Protecci\u00f3n de Datos, a trav\u00e9s de la siguiente direcci\u00f3n: C\/ Jorge Juan, n \u00ba 6, C.P. 28.001 Madrid.<\/p>\n<p class=\"western\" align=\"justify\"><b>Derecho de acceso del interesado<\/b>: el derecho a solicitar por escrito los detalles de la informaci\u00f3n personal y una copia de esa informaci\u00f3n personal. As\u00ed, como su finalidad, origen y posible transferencia a terceros.<\/p>\n<p class=\"western\" align=\"justify\"><b>Derecho de rectificaci\u00f3n<\/b>: derecho a que se corrija o elimine la informaci\u00f3n inexada o incompleta de sus datos, indicando que datos desea modificar.<\/p>\n<p class=\"western\" align=\"justify\"><b>Derecho de supresi\u00f3n<\/b> (\u201cderecho al olvido\u201d): el derecho a solicitar que se suprima cierta informaci\u00f3n personal sobre usted (tratamiento il\u00edcito de datos o la finalidad que motiv\u00f3 el tratamiento hubiera desaparecido).<\/p>\n<p class=\"western\" align=\"justify\"><b>Derecho de cancelaci\u00f3n<\/b>: derecho a la cancelaci\u00f3n de sus datos personales.<\/p>\n<p class=\"western\" align=\"justify\"><b>Derecho de oposici\u00f3n<\/b>: derecho a oponerse al procesamiento de su informaci\u00f3n personal, en supuestos como actividades de publicidad y prospecci\u00f3n comercial o cuando dicho tratamiento sea un tratamiento automatizado de sus datos personales.<\/p>\n<p class=\"western\" align=\"justify\"><b>Derecho a la portabilidad de los datos<\/b>: derecho a solicitar informaci\u00f3n personal que se nos facilit\u00f3, a fin de que se le transfiera a usted o a un tercero en un formato legible por m\u00e1quina. Siempre que t\u00e9cnicamente sea posible.<\/p>\n<p class=\"western\" align=\"justify\"><b>Derecho a retirar consentimiento<\/b>: el derecho a retirar cualquier consentimiento que usted nos haya dado previamente para manejar su informaci\u00f3n personal. Si retira su consentimiento, esto no afectar\u00e1 la legalidad del uso que se le dio a su informaci\u00f3n personal antes de retirar el consentimiento.<\/p>\n<p class=\"western\" align=\"justify\">En cuanto a <u>Seguridad<\/u>, SIMANCAS ABOGADOS manifiesta haber adoptado conforme a la legislaci\u00f3n vigente en la materia, las medidas de seguridad t\u00e9cnicas y organizativas necesarias para garantizar la seguridad de los datos de car\u00e1cter personal que se nos facilite y evitar as\u00ed su alteraci\u00f3n, p\u00e9rdida, tratamiento o acceso no autorizado, habida cuenta del estado de la tecnolog\u00eda, la naturaleza de los datos almacenados y los riesgos a los que est\u00e1n expuestos ya provengan de la acci\u00f3n humana o del medio f\u00edsico o natural. Se recuerda, no obstante, que no existe tecnolog\u00eda invulnerable y que por tanto el usuario deber\u00e1 poner los medios que est\u00e9n a su alcance para mantener el nivel de seguridad de sus datos. Especialmente es recomendable la utilizaci\u00f3n de contrase\u00f1as robustas para el acceso a la cuenta de usuario, con al menos 8 caracteres que alternen cifras, letras, may\u00fasculas, min\u00fasculas y caracteres especiales. Recomendamos tambi\u00e9n la modificaci\u00f3n de la clave con periodicidad (al menos una o dos veces al a\u00f1o) y que ante cualquier sospecha de que un tercero pueda conocerla proceda a su inmediata modificaci\u00f3n.<\/p>\n","protected":false},"excerpt":{"rendered":"<p>Usuarios. El acceso y\/o uso de este portal de SIMANCAS ABOGADOS atribuye la condici\u00f3n de USUARIO, que acepta, desde dicho acceso y\/o uso, las Condiciones de Uso que aqu\u00ed se reflejan. Las citadas condiciones ser\u00e1n de aplicaci\u00f3n independientemente de las Condiciones Generales de Contrataci\u00f3n que en su momento resultan de obligado cumplimiento. El uso de&#8230;<\/p>\n","protected":false},"author":3,"featured_media":0,"parent":0,"menu_order":0,"comment_status":"closed","ping_status":"closed","template":"","meta":[],"_links":{"self":[{"href":"https:\/\/simancas-aa.com\/index.php?rest_route=\/wp\/v2\/pages\/6169"}],"collection":[{"href":"https:\/\/simancas-aa.com\/index.php?rest_route=\/wp\/v2\/pages"}],"about":[{"href":"https:\/\/simancas-aa.com\/index.php?rest_route=\/wp\/v2\/types\/page"}],"author":[{"embeddable":true,"href":"https:\/\/simancas-aa.com\/index.php?rest_route=\/wp\/v2\/users\/3"}],"replies":[{"embeddable":true,"href":"https:\/\/simancas-aa.com\/index.php?rest_route=%2Fwp%2Fv2%2Fcomments&post=6169"}],"version-history":[{"count":3,"href":"https:\/\/simancas-aa.com\/index.php?rest_route=\/wp\/v2\/pages\/6169\/revisions"}],"predecessor-version":[{"id":6179,"href":"https:\/\/simancas-aa.com\/index.php?rest_route=\/wp\/v2\/pages\/6169\/revisions\/6179"}],"wp:attachment":[{"href":"https:\/\/simancas-aa.com\/index.php?rest_route=%2Fwp%2Fv2%2Fmedia&parent=6169"}],"curies":[{"name":"wp","href":"https:\/\/api.w.org\/{rel}","templated":true}]}}